{"id":248,"date":"2023-02-02T16:13:25","date_gmt":"2023-02-02T15:13:25","guid":{"rendered":"http:\/\/cgtmacifpse.fr\/?page_id=248"},"modified":"2023-05-30T11:55:22","modified_gmt":"2023-05-30T09:55:22","slug":"geofrey","status":"publish","type":"page","link":"https:\/\/cgtmacifpse.fr\/index.php\/geofrey\/","title":{"rendered":"Formulaire de contact"},"content":{"rendered":"\n    \n    <section class=\"u-align-center u-clearfix u-palette-5-dark-3 u-section-2\" id=\"sec-d363\" data-animation-name=\"\" data-animation-duration=\"0\" data-animation-delay=\"0\" data-animation-direction=\"\">\n      <div class=\"u-clearfix u-sheet u-valign-middle u-sheet-1\">\n        <h1 class=\"u-text u-text-default u-text-1\">Contactez Nous<\/h1>\n        <div class=\"u-form u-form-1\">\n          <form action=\"https:\/\/forms.nicepagesrv.com\/Form\/Process\" class=\"u-clearfix u-form-spacing-20 u-form-vertical u-inner-form\" style=\"padding: 10px\" source=\"email\" name=\"form\">\n            <div class=\"u-form-group u-form-name u-label-top\">\n              <label for=\"name-3b9a\" class=\"u-label\">Nom<\/label>\n              <input type=\"text\" placeholder=\"Entrez votre nom\" id=\"name-3b9a\" name=\"name\" class=\"u-border-2 u-border-black u-border-no-left u-border-no-right u-border-no-top u-input u-input-rectangle u-input-1\" required=\"\">\n            <\/div>\n            <div class=\"u-form-email u-form-group u-label-top\">\n              <label for=\"email-3b9a\" class=\"u-label\">Email<\/label>\n              <input type=\"email\" placeholder=\"Entrez votre adresse mail\" id=\"email-3b9a\" name=\"email\" class=\"u-border-2 u-border-black u-border-no-left u-border-no-right u-border-no-top u-input u-input-rectangle u-input-2\" required=\"\">\n            <\/div>\n            <div class=\"u-form-group u-form-message u-label-top\">\n              <label for=\"message-3b9a\" class=\"u-label\">Message<\/label>\n              <textarea placeholder=\"Tapez votre message en pr\u00e9cisant le prenom de la personne destinataire \" rows=\"4\" cols=\"50\" id=\"message-3b9a\" name=\"message\" class=\"u-border-2 u-border-black u-border-no-left u-border-no-right u-border-no-top u-input u-input-rectangle u-input-3\" required=\"\"><\/textarea>\n            <\/div>\n            <div class=\"u-align-center u-form-group u-form-submit u-label-top\">\n              <a href=\"#\" class=\"u-border-2 u-border-palette-2-base u-btn u-btn-rectangle u-btn-submit u-button-style u-none u-btn-1\">SOUMETTRE<br>\n              <\/a>\n              <input type=\"submit\" value=\"submit\" class=\"u-form-control-hidden\">\n            <\/div>\n            <div class=\"u-form-send-message u-form-send-success\">Merci ! Votre message \u00e0 bien \u00e9t\u00e9 envoy\u00e9 ! Nous vous recontactons d\u00e8s que possible.<\/div>\n            <div class=\"u-form-send-error u-form-send-message\">OUPS ! Impossible d'envoyer votre message.\nVeuillez r\u00e9essayer plus tard.<\/div>\n            <input type=\"hidden\" value=\"\" name=\"recaptchaResponse\">\n            <input type=\"hidden\" name=\"formServices\" value=\"0ced0098-286f-ddc6-33bd-974ea1ff5470\">\n          <\/form>\n        <\/div>\n      <\/div>\n    <\/section>\n    \n    \n    \n  \n","protected":false},"excerpt":{"rendered":"<p>Contactez Nous Nom Email Message SOUMETTRE Merci ! Votre message \u00e0 bien \u00e9t\u00e9 envoy\u00e9 ! Nous vous recontactons d\u00e8s que possible. OUPS ! Impossible d&#8217;envoyer votre message. Veuillez r\u00e9essayer plus tard.<\/p>\n","protected":false},"author":1,"featured_media":0,"parent":0,"menu_order":0,"comment_status":"closed","ping_status":"closed","template":"","meta":{"footnotes":""},"class_list":["post-248","page","type-page","status-publish","hentry"],"_links":{"self":[{"href":"https:\/\/cgtmacifpse.fr\/index.php\/wp-json\/wp\/v2\/pages\/248","targetHints":{"allow":["GET"]}}],"collection":[{"href":"https:\/\/cgtmacifpse.fr\/index.php\/wp-json\/wp\/v2\/pages"}],"about":[{"href":"https:\/\/cgtmacifpse.fr\/index.php\/wp-json\/wp\/v2\/types\/page"}],"author":[{"embeddable":true,"href":"https:\/\/cgtmacifpse.fr\/index.php\/wp-json\/wp\/v2\/users\/1"}],"replies":[{"embeddable":true,"href":"https:\/\/cgtmacifpse.fr\/index.php\/wp-json\/wp\/v2\/comments?post=248"}],"version-history":[{"count":8,"href":"https:\/\/cgtmacifpse.fr\/index.php\/wp-json\/wp\/v2\/pages\/248\/revisions"}],"predecessor-version":[{"id":376,"href":"https:\/\/cgtmacifpse.fr\/index.php\/wp-json\/wp\/v2\/pages\/248\/revisions\/376"}],"wp:attachment":[{"href":"https:\/\/cgtmacifpse.fr\/index.php\/wp-json\/wp\/v2\/media?parent=248"}],"curies":[{"name":"wp","href":"https:\/\/api.w.org\/{rel}","templated":true}]}}